{"id":22,"date":"2023-06-14T21:59:12","date_gmt":"2023-06-15T00:59:12","guid":{"rendered":"https:\/\/cwadv.com.br\/?page_id=22"},"modified":"2023-06-30T18:59:12","modified_gmt":"2023-06-30T21:59:12","slug":"areas-de-atuacao","status":"publish","type":"page","link":"https:\/\/cwadv.com.br\/index.php\/areas-de-atuacao\/","title":{"rendered":"\u00c1REAS DE ATUA\u00c7\u00c3O"},"content":{"rendered":"\n<div class=\"wp-block-uagb-container uagb-block-1fb2bba3 alignfull uagb-is-root-container\"><div class=\"uagb-container-inner-blocks-wrap\">\n<div class=\"wp-block-uagb-advanced-heading uagb-block-991b2a0d\"><h1 class=\"uagb-heading-text\">\u00c1reas de Atua\u00e7\u00e3o<\/h1><\/div>\n<\/div><\/div>\n\n\n\n<div class=\"wp-block-uagb-container uagb-block-0d118132 alignfull uagb-is-root-container\"><div class=\"uagb-container-inner-blocks-wrap\">\n<div class=\"wp-block-uagb-container uagb-block-a8fd0d12\">\n<div class=\"wp-block-uagb-advanced-heading uagb-block-736a25bd\"><h2 class=\"uagb-heading-text\">Por que voc\u00ea precisa dos melhores advogados?<\/h2><\/div>\n<\/div>\n\n\n\n<div class=\"wp-block-uagb-container uagb-block-2ba84eca\">\n<div class=\"wp-block-uagb-advanced-heading uagb-block-77aecbcf texto-justificado\"><p class=\"uagb-desc-text\">A lei \u00e9 um campo complexo e em constante evolu\u00e7\u00e3o, com regras e regulamentos que podem ser dif\u00edceis de entender e acompanhar.  Ter os  melhores advogados  ao seu lado  pode ser crucial para garantir  que voc\u00ea   esteja  protegido e  que  seus   direitos sejam   preservados.  Enfrentar  quest\u00f5es legais   pode   ser estressante  e  emocionalmente  desgastante, mas  ter um advogado competente que cuide dos aspectos legais  do  seu caso  permite que  voc\u00ea  se   concentre em  outros aspectos  da  sua  vida.  Voc\u00ea  pode  ter confian\u00e7a   de  que  est\u00e1   recebendo  o  melhor  suporte   poss\u00edvel  e  que  seus  interesses   est\u00e3o  sendo representados  de  forma  eficaz. <\/p><\/div>\n<\/div>\n<\/div><\/div>\n\n\n\n<div class=\"wp-block-uagb-container uagb-block-54210e76 alignfull uagb-is-root-container\"><div class=\"uagb-container-inner-blocks-wrap\">\n<div class=\"wp-block-uagb-container uagb-block-54fbb3ac\">\n<div class=\"wp-block-uagb-info-box uagb-block-1ae97800 uagb-infobox__content-wrap  uagb-infobox-icon-above-title uagb-infobox-image-valign-top\"><div class=\"uagb-ifb-content\"><div class=\"uagb-ifb-title-wrap\"><h2 class=\"uagb-ifb-title\">\u00c1reas de Pr\u00e1tica Jur\u00eddica\u200b<\/h2><\/div><\/div><\/div>\n<\/div>\n\n\n\n<div class=\"wp-block-uagb-container uagb-block-15bb0a58\">\n<div class=\"wp-block-uagb-container uagb-block-abf88d22\">\n<div class=\"wp-block-uagb-info-box uagb-block-fd2d96cc uagb-infobox__content-wrap  uagb-infobox-icon-above-title uagb-infobox-image-valign-top texto-justificado\"><div class=\"uagb-ifb-content\"><div class=\"uagb-ifb-image-content\"><img decoding=\"async\" src=\"https:\/\/cwadv.com.br\/wp-content\/uploads\/2023\/06\/Planejamento-Sucessorio-Familia-Cysne-e-Werner-Advogados-1-150x150.png\" alt=\"\" width=\"70\" height=\"70\" loading=\"lazy\"\/><\/div><div class=\"uagb-ifb-title-wrap\"><h5 class=\"uagb-ifb-title\">Direito da Fam\u00edlia<\/h5><\/div><p class=\"uagb-ifb-desc\">Estrat\u00e9gias legais para garantir a prote\u00e7\u00e3o patrimonial e sucess\u00f3ria, considerando as necessidades e desejos da fam\u00edlia.<br><\/p><\/div><\/div>\n<\/div>\n\n\n\n<div class=\"wp-block-uagb-container uagb-block-403283eb\">\n<div class=\"wp-block-uagb-info-box uagb-block-03d0d658 uagb-infobox__content-wrap  uagb-infobox-icon-above-title uagb-infobox-image-valign-top texto-justificado\"><div class=\"uagb-ifb-content\"><div class=\"uagb-ifb-image-content\"><img decoding=\"async\" src=\"https:\/\/cwadv.com.br\/wp-content\/uploads\/2023\/06\/enterprise-150x150.png\" alt=\"Empresarial &amp; Societ\u00e1rio\" width=\"70\" height=\"70\" loading=\"lazy\"\/><\/div><div class=\"uagb-ifb-title-wrap\"><h5 class=\"uagb-ifb-title\">Direito Empresarial &amp; Societ\u00e1rio<\/h5><\/div><p class=\"uagb-ifb-desc\">Normas legais que regem a organiza\u00e7\u00e3o e funcionamento das empresas e sociedades comerciais.<br><\/p><\/div><\/div>\n<\/div>\n\n\n\n<div class=\"wp-block-uagb-container uagb-block-40df4963\">\n<div class=\"wp-block-uagb-info-box uagb-block-019d6833 uagb-infobox__content-wrap  uagb-infobox-icon-above-title uagb-infobox-image-valign-top texto-justificado\"><div class=\"uagb-ifb-content\"><div class=\"uagb-ifb-image-content\"><img decoding=\"async\" src=\"https:\/\/cwadv.com.br\/wp-content\/uploads\/2023\/06\/casa-limpa-150x150.png\" alt=\"Direito Imobiliario\" width=\"70\" height=\"70\" loading=\"lazy\"\/><\/div><div class=\"uagb-ifb-title-wrap\"><h5 class=\"uagb-ifb-title\">Direito Imobili\u00e1rio<\/h5><\/div><p class=\"uagb-ifb-desc\">Respons\u00e1vel por regular as rela\u00e7\u00f5es jur\u00eddicas relacionadas a im\u00f3veis, como compra, venda, loca\u00e7\u00e3o e posse, visando garantir os direitos e deveres das partes envolvidas.<\/p><\/div><\/div>\n<\/div>\n\n\n\n<div class=\"wp-block-uagb-container uagb-block-eeff6bac\">\n<div class=\"wp-block-uagb-info-box uagb-block-a7c142cb uagb-infobox__content-wrap  uagb-infobox-icon-above-title uagb-infobox-image-valign-top texto-justificado\"><div class=\"uagb-ifb-content\"><div class=\"uagb-ifb-image-content\"><img decoding=\"async\" src=\"https:\/\/cwadv.com.br\/wp-content\/uploads\/2023\/06\/livro-de-direito-150x150.png\" alt=\"Direto Contecioso C\u00edvel\" width=\"70\" height=\"70\" loading=\"lazy\"\/><\/div><div class=\"uagb-ifb-title-wrap\"><h5 class=\"uagb-ifb-title\">Direto Contecioso C\u00edvel<\/h5><\/div><p class=\"uagb-ifb-desc\"> \u00c1rea jur\u00eddica que trata dos processos judiciais envolvendo lit\u00edgios entre particulares, como contratos, responsabilidade civil e direitos de propriedade.<br><\/p><\/div><\/div>\n<\/div>\n<\/div>\n<\/div><\/div>\n\n\n\n<div class=\"wp-block-uagb-container uagb-block-f4d2e551 alignfull uagb-is-root-container\"><div class=\"uagb-container-inner-blocks-wrap\">\n<div class=\"wp-block-uagb-container uagb-block-c3d280d2\">\n<figure class=\"wp-block-image size-large\"><img loading=\"lazy\" decoding=\"async\" width=\"1024\" height=\"683\" src=\"https:\/\/cwadv.com.br\/wp-content\/uploads\/2023\/06\/Planejamento-Sucessorio-e-Familiar-Cysne-e-Werner-1024x683.jpg\" alt=\"Planejamento-Sucessorio-e-Familiar-Cysne-e-Werner\" class=\"wp-image-332\" srcset=\"https:\/\/cwadv.com.br\/wp-content\/uploads\/2023\/06\/Planejamento-Sucessorio-e-Familiar-Cysne-e-Werner-1024x683.jpg 1024w, https:\/\/cwadv.com.br\/wp-content\/uploads\/2023\/06\/Planejamento-Sucessorio-e-Familiar-Cysne-e-Werner-300x200.jpg 300w, https:\/\/cwadv.com.br\/wp-content\/uploads\/2023\/06\/Planejamento-Sucessorio-e-Familiar-Cysne-e-Werner-768x512.jpg 768w, https:\/\/cwadv.com.br\/wp-content\/uploads\/2023\/06\/Planejamento-Sucessorio-e-Familiar-Cysne-e-Werner-1536x1024.jpg 1536w, https:\/\/cwadv.com.br\/wp-content\/uploads\/2023\/06\/Planejamento-Sucessorio-e-Familiar-Cysne-e-Werner-2048x1365.jpg 2048w\" sizes=\"(max-width: 1024px) 100vw, 1024px\" \/><\/figure>\n<\/div>\n\n\n\n<div class=\"wp-block-uagb-container uagb-block-e8be1b15\">\n<h2 class=\"wp-block-heading has-text-align-center\">Direito da Fam\u00edlia<\/h2>\n\n\n\n<div class=\"wp-block-uagb-advanced-heading uagb-block-a638b424 texto-justificado\"><p class=\"uagb-desc-text\">O escrit\u00f3rio visa simplificar as sucess\u00f5es, buscando prevenir poss\u00edveis embates entre herdeiros na partilha do patrim\u00f4nio familiar. Na esfera judicial, atuamos em diversos temas do Direito de Fam\u00edlia e Sucess\u00f5es, tais como div\u00f3rcios, doa\u00e7\u00f5es, interdi\u00e7\u00f5es, invent\u00e1rios, testamentos, pactos antenupciais, uni\u00e3o est\u00e1vel, a\u00e7\u00e3o de alimentos etc..<\/p><\/div>\n<\/div>\n<\/div><\/div>\n\n\n\n<div class=\"wp-block-uagb-container uagb-block-97e3e02b alignfull uagb-is-root-container\"><div class=\"uagb-container-inner-blocks-wrap\">\n<div class=\"wp-block-uagb-container uagb-block-4c3592f1\">\n<h2 class=\"wp-block-heading has-text-align-center\">Empresarial &amp; Societ\u00e1rio<\/h2>\n\n\n\n<div class=\"wp-block-uagb-advanced-heading uagb-block-5421002a texto-justificado\"><p class=\"uagb-desc-text\">O escrit\u00f3rio Cysne &amp; Werner atende seus clientes com o objetivo de prestar assessoria continuada, para que estejam atualizados sobre as mudan\u00e7as legislativas e administrativas da gest\u00e3o negocial, maximizando seus resultados e objetivando o crescimento do lucro. Quanto \u00e0 judicializa\u00e7\u00e3o de demandas empresariais, o escrit\u00f3rio est\u00e1 preparado para atender, junto de seu corpo t\u00e9cnico, a\u00e7\u00f5es que versem sobre quest\u00f5es falimentares, propriedade intelectual, contratos empresariais, fus\u00f5es e aquisi\u00e7\u00f5es.<\/p><\/div>\n<\/div>\n\n\n\n<div class=\"wp-block-uagb-container uagb-block-73c9fbfc\">\n<figure class=\"wp-block-image size-large\"><img loading=\"lazy\" decoding=\"async\" width=\"1024\" height=\"683\" src=\"https:\/\/cwadv.com.br\/wp-content\/uploads\/2023\/06\/Empresarial-Societario-Cysne-e-Werner-1024x683.jpg\" alt=\"Empresarial-Societario-Cysne-e-Werner\" class=\"wp-image-330\" srcset=\"https:\/\/cwadv.com.br\/wp-content\/uploads\/2023\/06\/Empresarial-Societario-Cysne-e-Werner-1024x683.jpg 1024w, https:\/\/cwadv.com.br\/wp-content\/uploads\/2023\/06\/Empresarial-Societario-Cysne-e-Werner-300x200.jpg 300w, https:\/\/cwadv.com.br\/wp-content\/uploads\/2023\/06\/Empresarial-Societario-Cysne-e-Werner-768x512.jpg 768w, https:\/\/cwadv.com.br\/wp-content\/uploads\/2023\/06\/Empresarial-Societario-Cysne-e-Werner-1536x1024.jpg 1536w, https:\/\/cwadv.com.br\/wp-content\/uploads\/2023\/06\/Empresarial-Societario-Cysne-e-Werner-2048x1365.jpg 2048w\" sizes=\"(max-width: 1024px) 100vw, 1024px\" \/><\/figure>\n<\/div>\n<\/div><\/div>\n\n\n\n<div class=\"wp-block-uagb-container uagb-block-9de29dac alignfull uagb-is-root-container\"><div class=\"uagb-container-inner-blocks-wrap\">\n<div class=\"wp-block-uagb-container uagb-block-1f88b070\">\n<figure class=\"wp-block-image size-large\"><img loading=\"lazy\" decoding=\"async\" width=\"1024\" height=\"683\" src=\"https:\/\/cwadv.com.br\/wp-content\/uploads\/2023\/06\/Direito-Imobiliario-2-1024x683.jpg\" alt=\"\" class=\"wp-image-389\" srcset=\"https:\/\/cwadv.com.br\/wp-content\/uploads\/2023\/06\/Direito-Imobiliario-2-1024x683.jpg 1024w, https:\/\/cwadv.com.br\/wp-content\/uploads\/2023\/06\/Direito-Imobiliario-2-300x200.jpg 300w, https:\/\/cwadv.com.br\/wp-content\/uploads\/2023\/06\/Direito-Imobiliario-2-768x512.jpg 768w, https:\/\/cwadv.com.br\/wp-content\/uploads\/2023\/06\/Direito-Imobiliario-2-1536x1024.jpg 1536w, https:\/\/cwadv.com.br\/wp-content\/uploads\/2023\/06\/Direito-Imobiliario-2-2048x1365.jpg 2048w\" sizes=\"(max-width: 1024px) 100vw, 1024px\" \/><\/figure>\n<\/div>\n\n\n\n<div class=\"wp-block-uagb-container uagb-block-f7c05edb\">\n<h2 class=\"wp-block-heading has-text-align-center\">Direito Imobili\u00e1rio<\/h2>\n\n\n\n<div class=\"wp-block-uagb-advanced-heading uagb-block-15c8588f texto-justificado\"><p class=\"uagb-desc-text\">O Direito Imobili\u00e1rio abrange as leis e regulamentos relacionados a propriedades e bens im\u00f3veis. Envolve quest\u00f5es como compra, venda, aluguel, posse, heran\u00e7a e uso de im\u00f3veis. Essa \u00e1rea do direito abrange tamb\u00e9m contratos de loca\u00e7\u00e3o, condom\u00ednios, financiamentos e registro de propriedades. As leis imobili\u00e1rias variam de acordo com cada pa\u00eds, mas geralmente visam proteger os direitos dos propriet\u00e1rios e promover rela\u00e7\u00f5es justas entre compradores, vendedores e inquilinos. \u00c9 essencial compreender os aspectos legais do Direito Imobili\u00e1rio para garantir transa\u00e7\u00f5es seguras e evitar lit\u00edgios futuros relacionados a propriedades.<\/p><\/div>\n<\/div>\n<\/div><\/div>\n\n\n\n<div class=\"wp-block-uagb-container uagb-block-fd87a910 alignfull uagb-is-root-container\"><div class=\"uagb-container-inner-blocks-wrap\">\n<div class=\"wp-block-uagb-container uagb-block-189b22c3\">\n<h2 class=\"wp-block-heading has-text-align-center\">Direto Contecioso C\u00edvel<\/h2>\n\n\n\n<div class=\"wp-block-uagb-advanced-heading uagb-block-7979e4ba texto-justificado\"><p class=\"uagb-desc-text\">O Direito Imobili\u00e1rio abrange as leis e regulamentos relacionados a propriedades e bens im\u00f3veis. Envolve quest\u00f5es como compra, venda, aluguel, posse, heran\u00e7a e uso de im\u00f3veis. Essa \u00e1rea do direito abrange tamb\u00e9m contratos de loca\u00e7\u00e3o, condom\u00ednios, financiamentos e registro de propriedades. As leis imobili\u00e1rias variam de acordo com cada pa\u00eds, mas geralmente visam proteger os direitos dos propriet\u00e1rios e promover rela\u00e7\u00f5es justas entre compradores, vendedores e inquilinos. \u00c9 essencial compreender os aspectos legais do Direito Imobili\u00e1rio para garantir transa\u00e7\u00f5es seguras e evitar lit\u00edgios futuros relacionados a propriedades.<\/p><\/div>\n<\/div>\n\n\n\n<div class=\"wp-block-uagb-container uagb-block-c27afae9\">\n<figure class=\"wp-block-image size-large\"><img loading=\"lazy\" decoding=\"async\" width=\"1024\" height=\"683\" src=\"https:\/\/cwadv.com.br\/wp-content\/uploads\/2023\/06\/Direito-Contecioso-Civel-1024x683.jpg\" alt=\"\" class=\"wp-image-387\" srcset=\"https:\/\/cwadv.com.br\/wp-content\/uploads\/2023\/06\/Direito-Contecioso-Civel-1024x683.jpg 1024w, https:\/\/cwadv.com.br\/wp-content\/uploads\/2023\/06\/Direito-Contecioso-Civel-300x200.jpg 300w, https:\/\/cwadv.com.br\/wp-content\/uploads\/2023\/06\/Direito-Contecioso-Civel-768x512.jpg 768w, https:\/\/cwadv.com.br\/wp-content\/uploads\/2023\/06\/Direito-Contecioso-Civel-1536x1024.jpg 1536w, https:\/\/cwadv.com.br\/wp-content\/uploads\/2023\/06\/Direito-Contecioso-Civel-2048x1365.jpg 2048w\" sizes=\"(max-width: 1024px) 100vw, 1024px\" \/><\/figure>\n<\/div>\n<\/div><\/div>\n","protected":false},"excerpt":{"rendered":"<p>\u00c1reas de Atua\u00e7\u00e3o Por que voc\u00ea precisa dos melhores advogados? A lei \u00e9 um campo complexo e em constante evolu\u00e7\u00e3o, com regras e regulamentos que podem ser dif\u00edceis de entender e acompanhar. Ter os melhores advogados ao seu lado pode ser crucial para garantir que voc\u00ea esteja protegido e que seus direitos sejam preservados. Enfrentar [&hellip;]<\/p>\n","protected":false},"author":1,"featured_media":0,"parent":0,"menu_order":0,"comment_status":"closed","ping_status":"closed","template":"","meta":{"_uag_custom_page_level_css":"","_monsterinsights_skip_tracking":false,"_monsterinsights_sitenote_active":false,"_monsterinsights_sitenote_note":"","_monsterinsights_sitenote_category":0,"site-sidebar-layout":"default","site-content-layout":"","ast-site-content-layout":"default","site-content-style":"default","site-sidebar-style":"default","ast-global-header-display":"","ast-banner-title-visibility":"","ast-main-header-display":"","ast-hfb-above-header-display":"","ast-hfb-below-header-display":"","ast-hfb-mobile-header-display":"","site-post-title":"disabled","ast-breadcrumbs-content":"","ast-featured-img":"","footer-sml-layout":"","ast-disable-related-posts":"","theme-transparent-header-meta":"","adv-header-id-meta":"","stick-header-meta":"","header-above-stick-meta":"","header-main-stick-meta":"","header-below-stick-meta":"","astra-migrate-meta-layouts":"default","ast-page-background-enabled":"default","ast-page-background-meta":{"desktop":{"background-color":"var(--ast-global-color-4)","background-image":"","background-repeat":"repeat","background-position":"center center","background-size":"auto","background-attachment":"scroll","background-type":"","background-media":"","overlay-type":"","overlay-color":"","overlay-opacity":"","overlay-gradient":""},"tablet":{"background-color":"","background-image":"","background-repeat":"repeat","background-position":"center center","background-size":"auto","background-attachment":"scroll","background-type":"","background-media":"","overlay-type":"","overlay-color":"","overlay-opacity":"","overlay-gradient":""},"mobile":{"background-color":"","background-image":"","background-repeat":"repeat","background-position":"center center","background-size":"auto","background-attachment":"scroll","background-type":"","background-media":"","overlay-type":"","overlay-color":"","overlay-opacity":"","overlay-gradient":""}},"ast-content-background-meta":{"desktop":{"background-color":"var(--ast-global-color-5)","background-image":"","background-repeat":"repeat","background-position":"center center","background-size":"auto","background-attachment":"scroll","background-type":"","background-media":"","overlay-type":"","overlay-color":"","overlay-opacity":"","overlay-gradient":""},"tablet":{"background-color":"var(--ast-global-color-5)","background-image":"","background-repeat":"repeat","background-position":"center center","background-size":"auto","background-attachment":"scroll","background-type":"","background-media":"","overlay-type":"","overlay-color":"","overlay-opacity":"","overlay-gradient":""},"mobile":{"background-color":"var(--ast-global-color-5)","background-image":"","background-repeat":"repeat","background-position":"center center","background-size":"auto","background-attachment":"scroll","background-type":"","background-media":"","overlay-type":"","overlay-color":"","overlay-opacity":"","overlay-gradient":""}},"_joinchat":[],"footnotes":""},"class_list":["post-22","page","type-page","status-publish","hentry"],"uagb_featured_image_src":{"full":false,"thumbnail":false,"medium":false,"medium_large":false,"large":false,"1536x1536":false,"2048x2048":false},"uagb_author_info":{"display_name":"Cysne &amp; Werner Advogados","author_link":"https:\/\/cwadv.com.br\/index.php\/author\/joaocysne\/"},"uagb_comment_info":0,"uagb_excerpt":"\u00c1reas de Atua\u00e7\u00e3o Por que voc\u00ea precisa dos melhores advogados? A lei \u00e9 um campo complexo e em constante evolu\u00e7\u00e3o, com regras e regulamentos que podem ser dif\u00edceis de entender e acompanhar. Ter os melhores advogados ao seu lado pode ser crucial para garantir que voc\u00ea esteja protegido e que seus direitos sejam preservados. Enfrentar&hellip;","_links":{"self":[{"href":"https:\/\/cwadv.com.br\/index.php\/wp-json\/wp\/v2\/pages\/22","targetHints":{"allow":["GET"]}}],"collection":[{"href":"https:\/\/cwadv.com.br\/index.php\/wp-json\/wp\/v2\/pages"}],"about":[{"href":"https:\/\/cwadv.com.br\/index.php\/wp-json\/wp\/v2\/types\/page"}],"author":[{"embeddable":true,"href":"https:\/\/cwadv.com.br\/index.php\/wp-json\/wp\/v2\/users\/1"}],"replies":[{"embeddable":true,"href":"https:\/\/cwadv.com.br\/index.php\/wp-json\/wp\/v2\/comments?post=22"}],"version-history":[{"count":52,"href":"https:\/\/cwadv.com.br\/index.php\/wp-json\/wp\/v2\/pages\/22\/revisions"}],"predecessor-version":[{"id":518,"href":"https:\/\/cwadv.com.br\/index.php\/wp-json\/wp\/v2\/pages\/22\/revisions\/518"}],"wp:attachment":[{"href":"https:\/\/cwadv.com.br\/index.php\/wp-json\/wp\/v2\/media?parent=22"}],"curies":[{"name":"wp","href":"https:\/\/api.w.org\/{rel}","templated":true}]}}