{"id":17,"date":"2023-06-14T21:56:54","date_gmt":"2023-06-15T00:56:54","guid":{"rendered":"https:\/\/cwadv.com.br\/?page_id=17"},"modified":"2023-08-08T17:36:46","modified_gmt":"2023-08-08T20:36:46","slug":"home","status":"publish","type":"page","link":"https:\/\/cwadv.com.br\/","title":{"rendered":"HOME"},"content":{"rendered":"\n<div class=\"wp-block-uagb-container uagb-block-f8e0188d alignfull uagb-is-root-container\"><div class=\"uagb-container-inner-blocks-wrap\">\n<div class=\"wp-block-uagb-container uagb-block-cfcce05b\">\n<div class=\"wp-block-uagb-info-box uagb-block-23ef4543 uagb-infobox__content-wrap  uagb-infobox-icon-above-title uagb-infobox-image-valign-top\"><div class=\"uagb-ifb-content\"><div class=\"uagb-ifb-title-wrap\"><h1 class=\"uagb-ifb-title\">Conquistando a justi\u00e7a com excel\u00eancia e dedica\u00e7\u00e3o<\/h1><\/div><\/div><\/div>\n<\/div>\n\n\n\n<div class=\"wp-block-uagb-container uagb-block-9a9497bf\">\n<div class=\"wp-block-uagb-container uagb-block-5c5a2707\">\n<div class=\"wp-block-uagb-icon-list uagb-block-fb5c3a91\"><div class=\"uagb-icon-list__wrap\">\n<div class=\"wp-block-uagb-icon-list-child uagb-block-6b95dbe5\"><span class=\"uagb-icon-list__source-wrap\"><svg xmlns=\"https:\/\/www.w3.org\/2000\/svg\" viewBox=\"0 0 320 512\"><path d=\"M320 144C320 223.5 255.5 288 176 288C96.47 288 32 223.5 32 144C32 64.47 96.47 0 176 0C255.5 0 320 64.47 320 144zM192 64C192 55.16 184.8 48 176 48C122.1 48 80 90.98 80 144C80 152.8 87.16 160 96 160C104.8 160 112 152.8 112 144C112 108.7 140.7 80 176 80C184.8 80 192 72.84 192 64zM144 480V317.1C154.4 319 165.1 319.1 176 319.1C186.9 319.1 197.6 319 208 317.1V480C208 497.7 193.7 512 176 512C158.3 512 144 497.7 144 480z\"><\/path><\/svg><\/span><span class=\"uagb-icon-list__label\">Onde Estamos<\/span><\/div>\n<\/div><\/div>\n\n\n\n<div class=\"wp-block-uagb-advanced-heading uagb-block-237265f3\"><h3 class=\"uagb-heading-text\">Florian\u00f3polis, Santa Catarina<\/h3><\/div>\n\n\n\n<div class=\"wp-block-uagb-advanced-heading uagb-block-1da651af\"><h3 class=\"uagb-heading-text\">Itaja\u00ed, Santa Catarina<\/h3><\/div>\n<\/div>\n\n\n\n<div class=\"wp-block-uagb-container uagb-block-b9120370\">\n<div class=\"wp-block-uagb-icon-list uagb-block-ffce8b20\"><div class=\"uagb-icon-list__wrap\">\n<div class=\"wp-block-uagb-icon-list-child uagb-block-aedaeaf8\"><span class=\"uagb-icon-list__source-wrap\"><svg xmlns=\"https:\/\/www.w3.org\/2000\/svg\" viewBox=\"0 0 512 512\"><path d=\"M18.92 351.2l108.5-46.52c12.78-5.531 27.77-1.801 36.45 8.98l44.09 53.82c69.25-34 125.5-90.31 159.5-159.5l-53.81-44.04c-10.75-8.781-14.41-23.69-8.974-36.47l46.51-108.5c6.094-13.91 21.1-21.52 35.79-18.11l100.8 23.25c14.25 3.25 24.22 15.8 24.22 30.46c0 252.3-205.2 457.5-457.5 457.5c-14.67 0-27.18-9.968-30.45-24.22l-23.25-100.8C-2.571 372.4 5.018 357.2 18.92 351.2z\"><\/path><\/svg><\/span><span class=\"uagb-icon-list__label\">Entre em Contato\u200b<\/span><\/div>\n<\/div><\/div>\n\n\n\n<div class=\"wp-block-uagb-advanced-heading uagb-block-22880fc6\"><h3 class=\"uagb-heading-text\">+55 48 99629-8369<\/h3><\/div>\n\n\n\n<div class=\"wp-block-uagb-advanced-heading uagb-block-2e2cece7\"><h3 class=\"uagb-heading-text\">+55 47 99923-9201&nbsp;<\/h3><\/div>\n<\/div>\n<\/div>\n<\/div><\/div>\n\n\n\n<div class=\"wp-block-uagb-container uagb-block-9411f0c9 alignfull uagb-is-root-container\"><div class=\"uagb-container-inner-blocks-wrap\">\n<div class=\"wp-block-uagb-container .texto-justificado uagb-block-197204e5\">\n<h2 class=\"wp-block-heading\">Voc\u00ea veio ao lugar certo!<\/h2>\n\n\n\n<p><\/p>\n\n\n\n<div class=\"wp-block-uagb-advanced-heading uagb-block-c5dd1f33 texto-justificado\"><p class=\"uagb-desc-text\">Seja bem-vindo ao nosso espa\u00e7o virtual dedicado ao mundo jur\u00eddico. Somos uma equipe de advogados comprometidos em oferecer servi\u00e7os de excel\u00eancia e solu\u00e7\u00f5es jur\u00eddicas eficazes para atender \u00e0s suas necessidades. <\/p><\/div>\n\n\n\n<div class=\"wp-block-uagb-advanced-heading uagb-block-de6e3d54 texto-justificado\"><p class=\"uagb-desc-text\">Entendemos que o direito desempenha um papel fundamental em todas as esferas da sociedade, e nosso objetivo \u00e9 fornecer orienta\u00e7\u00e3o jur\u00eddica s\u00f3lida e acess\u00edvel para ajudar nossos clientes a enfrentar os desafios legais que possam surgir. <\/p><\/div>\n\n\n\n<div class=\"wp-block-uagb-advanced-heading uagb-block-3f7bc127 texto-justificado\"><p class=\"uagb-desc-text\">Navegue pelo nosso site para conhecer mais sobre os diversos campos de atua\u00e7\u00e3o em que atuamos, desde direito empresarial, trabalhista, civil, criminal, entre outros. Al\u00e9m disso, este espa\u00e7o virtual servir\u00e1 como uma fonte de informa\u00e7\u00e3o jur\u00eddica atualizada, onde voc\u00ea encontrar\u00e1 artigos, not\u00edcias e dicas \u00fateis sobre diferentes \u00e1reas do direito. <\/p><\/div>\n\n\n\n<div class=\"wp-block-uagb-advanced-heading uagb-block-adb71d0f texto-justificado\"><p class=\"uagb-desc-text\">Acreditamos que o conhecimento \u00e9 uma ferramenta poderosa, e queremos compartilhar nosso conhecimento e expertise com voc\u00ea. Se voc\u00ea tiver alguma d\u00favida ou precisar de assist\u00eancia legal, n\u00e3o hesite em entrar em contato conosco por meio do formul\u00e1rio de contato ou pelos dados de contato fornecidos. <\/p><\/div>\n\n\n\n<div class=\"wp-block-uagb-advanced-heading uagb-block-d5925764 texto-justificado\"><p class=\"uagb-desc-text\">Estamos prontos para ouvir sua hist\u00f3ria, entender suas necessidades e fornecer solu\u00e7\u00f5es personalizadas.<\/p><\/div>\n<\/div>\n\n\n\n<div class=\"wp-block-uagb-container texto-justificado uag-hide-tab uagb-block-caee369f\">\n<div class=\"wp-block-uagb-image uagb-block-307ec29c wp-block-uagb-image--layout-default wp-block-uagb-image--effect-static wp-block-uagb-image--align-none\"><figure class=\"wp-block-uagb-image__figure\"><img decoding=\"async\" srcset=\"https:\/\/cwadv.com.br\/wp-content\/uploads\/2023\/06\/Claudia-Luz-Werner-Joao-Victor-Machado-Cysne.jpg \" sizes=\"(max-width: 480px) 150px\" src=\"https:\/\/cwadv.com.br\/wp-content\/uploads\/2023\/06\/Claudia-Luz-Werner-Joao-Victor-Machado-Cysne.jpg\" alt=\"\" class=\"uag-image-427\" width=\"640\" height=\"960\" title=\"\" loading=\"lazy\"\/><\/figure><\/div>\n<\/div>\n<\/div><\/div>\n\n\n\n<div class=\"wp-block-uagb-container uagb-block-14a1b16e alignfull uagb-is-root-container\"><div class=\"uagb-container-inner-blocks-wrap\">\n<div class=\"wp-block-uagb-info-box uagb-block-bb7911cb uagb-infobox__content-wrap  uagb-infobox-icon-above-title uagb-infobox-image-valign-top\"><div class=\"uagb-ifb-content\"><div class=\"uagb-ifb-title-wrap\"><h2 class=\"uagb-ifb-title\">\u00c1reas de Pr\u00e1tica Jur\u00eddica\u200b<\/h2><\/div><\/div><\/div>\n\n\n\n<div class=\"wp-block-uagb-container uagb-block-aa3a0cc3\">\n<div class=\"wp-block-uagb-container uagb-block-40d06576\">\n<div class=\"wp-block-uagb-info-box uagb-block-c9762048 uagb-infobox__content-wrap  uagb-infobox-icon-above-title uagb-infobox-image-valign-top\"><div class=\"uagb-ifb-content\"><div class=\"uagb-ifb-image-content\"><img decoding=\"async\" src=\"https:\/\/cwadv.com.br\/wp-content\/uploads\/2023\/06\/Planejamento-Sucessorio-Familia-Cysne-e-Werner-Advogados-1-150x150.png\" alt=\"\" width=\"70\" height=\"70\" loading=\"lazy\"\/><\/div><div class=\"uagb-ifb-title-wrap\"><h5 class=\"uagb-ifb-title\">Direito da Fam\u00edlia<\/h5><\/div><p class=\"uagb-ifb-desc\">Estrat\u00e9gias legais para garantir a prote\u00e7\u00e3o patrimonial e sucess\u00f3ria, considerando as necessidades e desejos da fam\u00edlia.<br><\/p><\/div><\/div>\n<\/div>\n\n\n\n<div class=\"wp-block-uagb-container uagb-block-5425913d\">\n<div class=\"wp-block-uagb-info-box uagb-block-331f414c uagb-infobox__content-wrap  uagb-infobox-icon-above-title uagb-infobox-image-valign-top\"><div class=\"uagb-ifb-content\"><div class=\"uagb-ifb-image-content\"><img decoding=\"async\" src=\"https:\/\/cwadv.com.br\/wp-content\/uploads\/2023\/06\/enterprise-150x150.png\" alt=\"Empresarial &amp; Societ\u00e1rio\" width=\"70\" height=\"70\" loading=\"lazy\"\/><\/div><div class=\"uagb-ifb-title-wrap\"><h5 class=\"uagb-ifb-title\">Direito Empresarial &amp; Societ\u00e1rio<\/h5><\/div><p class=\"uagb-ifb-desc\">Normas legais que regem a organiza\u00e7\u00e3o e funcionamento das empresas e sociedades comerciais.<br><\/p><\/div><\/div>\n<\/div>\n\n\n\n<div class=\"wp-block-uagb-container uagb-block-a4cfafdd\">\n<div class=\"wp-block-uagb-info-box uagb-block-8f9a186c uagb-infobox__content-wrap  uagb-infobox-icon-above-title uagb-infobox-image-valign-top\"><div class=\"uagb-ifb-content\"><div class=\"uagb-ifb-image-content\"><img decoding=\"async\" src=\"https:\/\/cwadv.com.br\/wp-content\/uploads\/2023\/06\/casa-limpa-150x150.png\" alt=\"Direito Imobiliario\" width=\"70\" height=\"70\" loading=\"lazy\"\/><\/div><div class=\"uagb-ifb-title-wrap\"><h5 class=\"uagb-ifb-title\">Direito Imobili\u00e1rio<\/h5><\/div><p class=\"uagb-ifb-desc\">Respons\u00e1vel por regular as rela\u00e7\u00f5es jur\u00eddicas relacionadas a im\u00f3veis, como compra, venda, loca\u00e7\u00e3o e posse, visando garantir os direitos e deveres das partes envolvidas.<\/p><\/div><\/div>\n<\/div>\n\n\n\n<div class=\"wp-block-uagb-container uagb-block-da78d69b\">\n<div class=\"wp-block-uagb-info-box uagb-block-7551b249 uagb-infobox__content-wrap  uagb-infobox-icon-above-title uagb-infobox-image-valign-top\"><div class=\"uagb-ifb-content\"><div class=\"uagb-ifb-image-content\"><img decoding=\"async\" src=\"https:\/\/cwadv.com.br\/wp-content\/uploads\/2023\/06\/livro-de-direito-150x150.png\" alt=\"Direto Contecioso C\u00edvel\" width=\"70\" height=\"70\" loading=\"lazy\"\/><\/div><div class=\"uagb-ifb-title-wrap\"><h5 class=\"uagb-ifb-title\">Direto Contecioso C\u00edvel<\/h5><\/div><p class=\"uagb-ifb-desc\"> \u00c1rea jur\u00eddica que trata dos processos judiciais envolvendo lit\u00edgios entre particulares, como contratos, responsabilidade civil e direitos de propriedade.<br><\/p><\/div><\/div>\n<\/div>\n<\/div>\n<\/div><\/div>\n\n\n\n<div class=\"wp-block-uagb-container uagb-block-7850bd01 alignfull uagb-is-root-container\"><div class=\"uagb-container-inner-blocks-wrap\">\n<div class=\"wp-block-uagb-container uagb-block-7434c6e6\">\n<div class=\"wp-block-uagb-info-box uagb-block-677fdbdc uagb-infobox__content-wrap  uagb-infobox-icon-above-title uagb-infobox-image-valign-top\"><div class=\"uagb-ifb-content\"><div class=\"uagb-ifb-title-wrap\"><h2 class=\"uagb-ifb-title\">Por que escolher nosso escrit\u00f3rio<\/h2><\/div><\/div><\/div>\n\n\n\n<div class=\"wp-block-uagb-container uagb-block-6426b48a\">\n<div class=\"wp-block-uagb-info-box uagb-block-ebf7145b uagb-infobox__content-wrap  uagb-infobox-icon-above-title uagb-infobox-image-valign-top\"><div class=\"uagb-ifb-content\"><div class=\"uagb-ifb-title-wrap\"><h3 class=\"uagb-ifb-title\">Transpar\u00eancia<\/h3><\/div><p class=\"uagb-ifb-desc\">A comunica\u00e7\u00e3o \u00e9 uma parte fundamental da nossa abordagem transparente. Mantemos nossos clientes informados sobre o progresso de seus casos, explicando as etapas do processo, prazos e estrat\u00e9gias adotadas de forma claras e objetiva.<\/p><\/div><\/div>\n\n\n\n<div class=\"wp-block-uagb-info-box uagb-block-f6e7d184 uagb-infobox__content-wrap  uagb-infobox-icon-above-title uagb-infobox-image-valign-top\"><div class=\"uagb-ifb-content\"><div class=\"uagb-ifb-title-wrap\"><h3 class=\"uagb-ifb-title\">Simplicidade<\/h3><\/div><p class=\"uagb-ifb-desc\">Valorizamos a simplicidade em nossos servi\u00e7os jur\u00eddicos, pois acreditamos que a complexidade jur\u00eddica pode ser intimidante e confusa para muitos clientes, e buscamos simplificar esse processo para torn\u00e1-lo mais acess\u00edvel e compreens\u00edvel.<\/p><\/div><\/div>\n\n\n\n<div class=\"wp-block-uagb-info-box uagb-block-636602ff uagb-infobox__content-wrap  uagb-infobox-icon-above-title uagb-infobox-image-valign-top\"><div class=\"uagb-ifb-content\"><div class=\"uagb-ifb-title-wrap\"><h3 class=\"uagb-ifb-title\">Honestidade<\/h3><\/div><p class=\"uagb-ifb-desc\">A confian\u00e7a entre advogado e cliente \u00e9 constru\u00edda por meio da honestidade e integridade em todos os aspectos. Nosso objetivo \u00e9 fornecer informa\u00e7\u00f5es precisas e verdadeiras, para que os clientes possam tomar as melhores decis\u00f5es sobre seus casos.<\/p><\/div><\/div>\n<\/div>\n<\/div>\n<\/div><\/div>\n\n\n\n<div class=\"wp-block-uagb-container uagb-block-985c5184 alignfull uagb-is-root-container\"><div class=\"uagb-container-inner-blocks-wrap\">\n<div class=\"wp-block-uagb-advanced-heading uagb-block-c00f9beb\"><h2 class=\"uagb-heading-text\">O que dizem nossos clientes&#8230;<\/h2><\/div>\n<\/div><\/div>\n\n\n\n<div class=\"wp-block-uagb-container uagb-block-57586b98 alignfull uagb-is-root-container\"><div class=\"uagb-container-inner-blocks-wrap\">\n<div class=\"wp-block-uagb-container uagb-block-a2c6613a\">\n<div class=\"wp-block-uagb-info-box uagb-block-eee6d6c8 uagb-infobox__content-wrap  uagb-infobox-icon-left uagb-infobox-left uagb-infobox-stacked-mobile uagb-infobox-image-valign-middle\"><div class=\"uagb-ifb-image-content\"><img decoding=\"async\" src=\"https:\/\/cwadv.com.br\/wp-content\/uploads\/2023\/07\/Camila-Bueno-150x150.png\" alt=\"\" width=\"120\" height=\"120\" loading=\"lazy\"\/><\/div><div class=\"uagb-ifb-content\"><div class=\"uagb-ifb-title-wrap\"><\/div><p class=\"uagb-ifb-desc\"><strong>Camila Bueno<\/strong><\/p><\/div><\/div>\n<\/div>\n\n\n\n<div class=\"wp-block-uagb-container uagb-block-08e1860d\">\n<div class=\"wp-block-uagb-info-box uagb-block-035ab0a9 uagb-infobox__content-wrap  uagb-infobox-icon-left uagb-infobox-left uagb-infobox-stacked-mobile uagb-infobox-image-valign-middle\"><div class=\"uagb-ifb-image-content\"><img decoding=\"async\" src=\"https:\/\/cwadv.com.br\/wp-content\/uploads\/2023\/07\/Breno-Cunha-150x150.png\" alt=\"\" width=\"120\" height=\"120\" loading=\"lazy\"\/><\/div><div class=\"uagb-ifb-content\"><div class=\"uagb-ifb-title-wrap\"><\/div><p class=\"uagb-ifb-desc\"><strong><strong>Bruno Cunha<\/strong><\/strong><\/p><\/div><\/div>\n<\/div>\n\n\n\n<div class=\"wp-block-uagb-container uagb-block-73489563\">\n<div class=\"wp-block-uagb-info-box uagb-block-ee88f703 uagb-infobox__content-wrap  uagb-infobox-icon-left uagb-infobox-left uagb-infobox-stacked-mobile uagb-infobox-image-valign-middle\"><div class=\"uagb-ifb-image-content\"><img decoding=\"async\" src=\"https:\/\/cwadv.com.br\/wp-content\/uploads\/2023\/07\/Brenda-150x150.png\" alt=\"\" width=\"120\" height=\"120\" loading=\"lazy\"\/><\/div><div class=\"uagb-ifb-content\"><div class=\"uagb-ifb-title-wrap\"><\/div><p class=\"uagb-ifb-desc\"><strong><strong>Brenda da Honda<\/strong><\/strong><\/p><\/div><\/div>\n<\/div>\n<\/div><\/div>\n\n\n\n<div class=\"wp-block-uagb-container uagb-block-b7560957 alignfull uagb-is-root-container\"><div class=\"uagb-container-inner-blocks-wrap\">\n<div class=\"wp-block-uagb-container uagb-block-5b52bb15\">\n<div class=\"wp-block-uagb-info-box uagb-block-d70f8485 uagb-infobox__content-wrap  uagb-infobox-icon-left uagb-infobox-left uagb-infobox-image-valign-top texto-justificado\" id=\"texto-justificado\"><div class=\"uagb-ifb-image-content\"><img decoding=\"async\" src=\"https:\/\/cwadv.com.br\/wp-content\/uploads\/2023\/06\/quote.png\" alt=\"\" width=\"0\" height=\"0\" loading=\"lazy\"\/><\/div><div class=\"uagb-ifb-content\"><div class=\"uagb-ifb-title-wrap\"><\/div><p class=\"uagb-ifb-desc\">Al\u00e9m de toda aten\u00e7\u00e3o e dedica\u00e7\u00e3o no trabalho impec\u00e1vel realizado, a agilidade nesse processo foi de extrema import\u00e2ncia na minha vida e ver o quando voc\u00eas se preocuparam mostra o quanto voc\u00eas trabalham com amor. Sou extremamente grata por tudo!!!<\/p><\/div><\/div>\n<\/div>\n\n\n\n<div class=\"wp-block-uagb-container uagb-block-bf557a14\">\n<div class=\"wp-block-uagb-info-box uagb-block-2ecd11f5 uagb-infobox__content-wrap  uagb-infobox-icon-left uagb-infobox-left uagb-infobox-image-valign-top texto-justificado\"><div class=\"uagb-ifb-image-content\"><img decoding=\"async\" src=\"https:\/\/cwadv.com.br\/wp-content\/uploads\/2023\/06\/quote.png\" alt=\"\" width=\"0\" height=\"0\" loading=\"lazy\"\/><\/div><div class=\"uagb-ifb-content\"><div class=\"uagb-ifb-title-wrap\"><\/div><p class=\"uagb-ifb-desc\">\u201cEscrit\u00f3rio formado por advogados jovens, competentes e promissores. Qualidades essenciais para postulantes em disputas judiciais extremamentes litigiosas no direito de fam\u00edlia\u201d<\/p><\/div><\/div>\n<\/div>\n\n\n\n<div class=\"wp-block-uagb-container uagb-block-8b56da39\">\n<div class=\"wp-block-uagb-info-box uagb-block-a3f3bb77 uagb-infobox__content-wrap  uagb-infobox-icon-left uagb-infobox-left uagb-infobox-image-valign-top texto-justificado\"><div class=\"uagb-ifb-image-content\"><img decoding=\"async\" src=\"https:\/\/cwadv.com.br\/wp-content\/uploads\/2023\/06\/quote.png\" alt=\"\" width=\"0\" height=\"0\" loading=\"lazy\"\/><\/div><div class=\"uagb-ifb-content\"><div class=\"uagb-ifb-title-wrap\"><\/div><p class=\"uagb-ifb-desc\">Em dezembro de 2021, minha conta profissional do Instagram foi hackeada, resultando na perda total de acesso e em grandes preju\u00edzos. Decidi buscar o apoio do escrit\u00f3rio Cysne e Werner para obter suporte e iniciar um processo no qual eu n\u00e3o tinha muita esperan\u00e7a. No entanto, gra\u00e7as ao trabalho competente da Dra. Cl\u00e1udia, conseguimos vencer e encerrar o caso em junho de 2023, ap\u00f3s todos os preju\u00edzos. Fiquei extremamente feliz com o resultado e com a clareza da defesa apresentada. Recomendo o escrit\u00f3rio e a Dra. Cl\u00e1udia, e sou grata por terem me feito acreditar que era poss\u00edvel superar essa situa\u00e7\u00e3o.<\/p><\/div><\/div>\n<\/div>\n<\/div><\/div>\n","protected":false},"excerpt":{"rendered":"<p>Florian\u00f3polis, Santa Catarina Itaja\u00ed, Santa Catarina +55 48 99629-8369 +55 47 99923-9201&nbsp; Voc\u00ea veio ao lugar certo! Seja bem-vindo ao nosso espa\u00e7o virtual dedicado ao mundo jur\u00eddico. Somos uma equipe de advogados comprometidos em oferecer servi\u00e7os de excel\u00eancia e solu\u00e7\u00f5es jur\u00eddicas eficazes para atender \u00e0s suas necessidades. Entendemos que o direito desempenha um papel fundamental [&hellip;]<\/p>\n","protected":false},"author":1,"featured_media":0,"parent":0,"menu_order":0,"comment_status":"closed","ping_status":"closed","template":"","meta":{"_uag_custom_page_level_css":"","_monsterinsights_skip_tracking":false,"_monsterinsights_sitenote_active":false,"_monsterinsights_sitenote_note":"","_monsterinsights_sitenote_category":0,"site-sidebar-layout":"default","site-content-layout":"","ast-site-content-layout":"default","site-content-style":"default","site-sidebar-style":"default","ast-global-header-display":"","ast-banner-title-visibility":"","ast-main-header-display":"","ast-hfb-above-header-display":"","ast-hfb-below-header-display":"","ast-hfb-mobile-header-display":"","site-post-title":"disabled","ast-breadcrumbs-content":"","ast-featured-img":"","footer-sml-layout":"","ast-disable-related-posts":"","theme-transparent-header-meta":"","adv-header-id-meta":"","stick-header-meta":"","header-above-stick-meta":"","header-main-stick-meta":"","header-below-stick-meta":"","astra-migrate-meta-layouts":"default","ast-page-background-enabled":"default","ast-page-background-meta":{"desktop":{"background-color":"var(--ast-global-color-4)","background-image":"","background-repeat":"repeat","background-position":"center center","background-size":"auto","background-attachment":"scroll","background-type":"","background-media":"","overlay-type":"","overlay-color":"","overlay-opacity":"","overlay-gradient":""},"tablet":{"background-color":"","background-image":"","background-repeat":"repeat","background-position":"center center","background-size":"auto","background-attachment":"scroll","background-type":"","background-media":"","overlay-type":"","overlay-color":"","overlay-opacity":"","overlay-gradient":""},"mobile":{"background-color":"","background-image":"","background-repeat":"repeat","background-position":"center center","background-size":"auto","background-attachment":"scroll","background-type":"","background-media":"","overlay-type":"","overlay-color":"","overlay-opacity":"","overlay-gradient":""}},"ast-content-background-meta":{"desktop":{"background-color":"var(--ast-global-color-5)","background-image":"","background-repeat":"repeat","background-position":"center center","background-size":"auto","background-attachment":"scroll","background-type":"","background-media":"","overlay-type":"","overlay-color":"","overlay-opacity":"","overlay-gradient":""},"tablet":{"background-color":"var(--ast-global-color-5)","background-image":"","background-repeat":"repeat","background-position":"center center","background-size":"auto","background-attachment":"scroll","background-type":"","background-media":"","overlay-type":"","overlay-color":"","overlay-opacity":"","overlay-gradient":""},"mobile":{"background-color":"var(--ast-global-color-5)","background-image":"","background-repeat":"repeat","background-position":"center center","background-size":"auto","background-attachment":"scroll","background-type":"","background-media":"","overlay-type":"","overlay-color":"","overlay-opacity":"","overlay-gradient":""}},"_joinchat":[],"footnotes":""},"class_list":["post-17","page","type-page","status-publish","hentry"],"uagb_featured_image_src":{"full":false,"thumbnail":false,"medium":false,"medium_large":false,"large":false,"1536x1536":false,"2048x2048":false},"uagb_author_info":{"display_name":"Cysne &amp; Werner Advogados","author_link":"https:\/\/cwadv.com.br\/index.php\/author\/joaocysne\/"},"uagb_comment_info":0,"uagb_excerpt":"Florian\u00f3polis, Santa Catarina Itaja\u00ed, Santa Catarina +55 48 99629-8369 +55 47 99923-9201&nbsp; Voc\u00ea veio ao lugar certo! Seja bem-vindo ao nosso espa\u00e7o virtual dedicado ao mundo jur\u00eddico. Somos uma equipe de advogados comprometidos em oferecer servi\u00e7os de excel\u00eancia e solu\u00e7\u00f5es jur\u00eddicas eficazes para atender \u00e0s suas necessidades. Entendemos que o direito desempenha um papel fundamental&hellip;","_links":{"self":[{"href":"https:\/\/cwadv.com.br\/index.php\/wp-json\/wp\/v2\/pages\/17","targetHints":{"allow":["GET"]}}],"collection":[{"href":"https:\/\/cwadv.com.br\/index.php\/wp-json\/wp\/v2\/pages"}],"about":[{"href":"https:\/\/cwadv.com.br\/index.php\/wp-json\/wp\/v2\/types\/page"}],"author":[{"embeddable":true,"href":"https:\/\/cwadv.com.br\/index.php\/wp-json\/wp\/v2\/users\/1"}],"replies":[{"embeddable":true,"href":"https:\/\/cwadv.com.br\/index.php\/wp-json\/wp\/v2\/comments?post=17"}],"version-history":[{"count":98,"href":"https:\/\/cwadv.com.br\/index.php\/wp-json\/wp\/v2\/pages\/17\/revisions"}],"predecessor-version":[{"id":584,"href":"https:\/\/cwadv.com.br\/index.php\/wp-json\/wp\/v2\/pages\/17\/revisions\/584"}],"wp:attachment":[{"href":"https:\/\/cwadv.com.br\/index.php\/wp-json\/wp\/v2\/media?parent=17"}],"curies":[{"name":"wp","href":"https:\/\/api.w.org\/{rel}","templated":true}]}}