{"id":130,"date":"2023-06-17T22:29:45","date_gmt":"2023-06-18T01:29:45","guid":{"rendered":"https:\/\/cwadv.com.br\/?page_id=130"},"modified":"2023-06-19T22:20:19","modified_gmt":"2023-06-20T01:20:19","slug":"blog","status":"publish","type":"page","link":"https:\/\/cwadv.com.br\/index.php\/blog\/","title":{"rendered":"BLOG"},"content":{"rendered":"\n<div class=\"wp-block-uagb-container uagb-block-46921ac3 alignfull uagb-is-root-container\"><div class=\"uagb-container-inner-blocks-wrap\">\n<h1 class=\"wp-block-heading has-text-align-center has-ast-global-color-4-color has-text-color\">Blog<\/h1>\n<\/div><\/div>\n\n\n\n<div class=\"wp-block-uagb-container uagb-block-0c745a14 alignfull uagb-is-root-container\"><div class=\"uagb-container-inner-blocks-wrap\">\n<div class=\"wp-block-uagb-advanced-heading uagb-block-4177e6be\"><h2 class=\"uagb-heading-text\">Mantenha-se informando<\/h2><\/div>\n\n\n\n<div class=\"wp-block-uagb-container uagb-block-219fa9c5\">\n\t\t\t<div class=\"wp-block-uagb-post-grid uagb-post-grid  uagb-post__image-position-top uagb-post__image-enabled uagb-block-61e67cdc     uagb-post__items uagb-post__columns-3 is-grid uagb-post__columns-tablet-2 uagb-post__columns-mobile-1 uagb-post__equal-height\" data-total=\"1\" style=\"\">\n\n\t\t\t\t\t\t\t\t\t\t\t\t<article class=\"uagb-post__inner-wrap\">\t\t\t\t\t\t\t\t<div class='uagb-post__image'>\n\t\t\t\t\t\t\t\t\t<a href=\"https:\/\/cwadv.com.br\/index.php\/2023\/06\/19\/constituicao-de-uma-empresa-parte-ii\/\" target=\"_self\" rel=\"bookmark noopener noreferrer\" class='uagb-image-ratio-inherit'><img loading=\"lazy\" decoding=\"async\" width=\"1024\" height=\"683\" src=\"https:\/\/cwadv.com.br\/wp-content\/uploads\/2023\/06\/Constituicao-de-uma-emrpesa-Cysne-e-Werner-1024x683.jpg\" class=\"attachment-large size-large\" alt=\"Constituicao-de-uma-emrpesa-Cysne-e-Werner\" srcset=\"https:\/\/cwadv.com.br\/wp-content\/uploads\/2023\/06\/Constituicao-de-uma-emrpesa-Cysne-e-Werner-1024x683.jpg 1024w, https:\/\/cwadv.com.br\/wp-content\/uploads\/2023\/06\/Constituicao-de-uma-emrpesa-Cysne-e-Werner-300x200.jpg 300w, https:\/\/cwadv.com.br\/wp-content\/uploads\/2023\/06\/Constituicao-de-uma-emrpesa-Cysne-e-Werner-768x512.jpg 768w, https:\/\/cwadv.com.br\/wp-content\/uploads\/2023\/06\/Constituicao-de-uma-emrpesa-Cysne-e-Werner-1536x1024.jpg 1536w, https:\/\/cwadv.com.br\/wp-content\/uploads\/2023\/06\/Constituicao-de-uma-emrpesa-Cysne-e-Werner-2048x1365.jpg 2048w\" sizes=\"(max-width: 1024px) 100vw, 1024px\" \/>\t\t\t\t\t<\/a>\n\t\t\t\t\t\t\t<\/div>\n\t\t\t\t\t\t<h4 class=\"uagb-post__title uagb-post__text\">\n\t\t\t\t<a href=\"https:\/\/cwadv.com.br\/index.php\/2023\/06\/19\/constituicao-de-uma-empresa-parte-ii\/\" target=\"_self\" rel=\"bookmark noopener noreferrer\">Constitui\u00e7\u00e3o de uma empresa &#8211; Parte II<\/a>\n\t\t\t<\/h4>\n\t\t\t\t\t\t<div class='uagb-post__text uagb-post-grid-byline'>\n\t\t\t\t\t\t\t\t<span class=\"uagb-post__author\">\n\t\t\t\t\t\t\t\t\t<a href=\"https:\/\/cwadv.com.br\/index.php\/author\/joaocysne\/\" title=\"Posts de Cysne &#038; Werner Advogados\" rel=\"author\">Cysne &#38; Werner Advogados<\/a>\t\t\t\t<\/span>\n\t\t\t\t\t\t\t<time datetime=\"2023-06-19T22:40:16-03:00\" class=\"uagb-post__date\">\n\t\t\t\t\t\t\t\t\t19 de junho de 2023\t\t\t\t<\/time>\n\t\t\t\t\t\t<\/div>\n\t\t\t\t\t\t\t<div class='uagb-post__text uagb-post__excerpt'>\n\t\t\t\t\t<p>Constitui\u00e7\u00e3o De Uma Empresa &#8211; Parte II QUAISOS \u201cTIPOS\u201d DE EMPRESA POSSO ABRIR? Seguindo a&#8230;\t\t\t\t<\/div>\n\t\t\t\t\t\t<div class=\"uagb-post__text uagb-post__cta wp-block-button\">\n\t\t\t\t<a class=\"wp-block-button__link uagb-text-link\" style=\"\" href=\"https:\/\/cwadv.com.br\/index.php\/2023\/06\/19\/constituicao-de-uma-empresa-parte-ii\/\" target=\"_self\" rel=\"bookmark noopener noreferrer\">Ler mais<\/a>\n\t\t\t<\/div>\n\t\t\t\n\t\t\t\t\t\t\t\t\t<\/article>\n\t\t\t\t\t\t\t\t\t\t\t\t\t\t\t\t<article class=\"uagb-post__inner-wrap\">\t\t\t\t\t\t\t\t<div class='uagb-post__image'>\n\t\t\t\t\t\t\t\t\t<a href=\"https:\/\/cwadv.com.br\/index.php\/2023\/06\/19\/5-fatos-sobre-a-uniao-estavel\/\" target=\"_self\" rel=\"bookmark noopener noreferrer\" class='uagb-image-ratio-inherit'><img loading=\"lazy\" decoding=\"async\" width=\"1024\" height=\"683\" src=\"https:\/\/cwadv.com.br\/wp-content\/uploads\/2023\/06\/Uniao-Estavel-Cysne-Werner-Advogados-1-1024x683.jpg\" class=\"attachment-large size-large\" alt=\"Uni\u00e3o Estav\u00e9l - Cysne &amp; Werner Advogados\" srcset=\"https:\/\/cwadv.com.br\/wp-content\/uploads\/2023\/06\/Uniao-Estavel-Cysne-Werner-Advogados-1-1024x683.jpg 1024w, https:\/\/cwadv.com.br\/wp-content\/uploads\/2023\/06\/Uniao-Estavel-Cysne-Werner-Advogados-1-300x200.jpg 300w, https:\/\/cwadv.com.br\/wp-content\/uploads\/2023\/06\/Uniao-Estavel-Cysne-Werner-Advogados-1-768x512.jpg 768w, https:\/\/cwadv.com.br\/wp-content\/uploads\/2023\/06\/Uniao-Estavel-Cysne-Werner-Advogados-1-1536x1024.jpg 1536w, https:\/\/cwadv.com.br\/wp-content\/uploads\/2023\/06\/Uniao-Estavel-Cysne-Werner-Advogados-1-2048x1365.jpg 2048w\" sizes=\"(max-width: 1024px) 100vw, 1024px\" \/>\t\t\t\t\t<\/a>\n\t\t\t\t\t\t\t<\/div>\n\t\t\t\t\t\t<h4 class=\"uagb-post__title uagb-post__text\">\n\t\t\t\t<a href=\"https:\/\/cwadv.com.br\/index.php\/2023\/06\/19\/5-fatos-sobre-a-uniao-estavel\/\" target=\"_self\" rel=\"bookmark noopener noreferrer\">5 Fatos Sobre A Uni\u00e3o Est\u00e1vel<\/a>\n\t\t\t<\/h4>\n\t\t\t\t\t\t<div class='uagb-post__text uagb-post-grid-byline'>\n\t\t\t\t\t\t\t\t<span class=\"uagb-post__author\">\n\t\t\t\t\t\t\t\t\t<a href=\"https:\/\/cwadv.com.br\/index.php\/author\/joaocysne\/\" title=\"Posts de Cysne &#038; Werner Advogados\" rel=\"author\">Cysne &#38; Werner Advogados<\/a>\t\t\t\t<\/span>\n\t\t\t\t\t\t\t<time datetime=\"2023-06-19T11:59:26-03:00\" class=\"uagb-post__date\">\n\t\t\t\t\t\t\t\t\t19 de junho de 2023\t\t\t\t<\/time>\n\t\t\t\t\t\t<\/div>\n\t\t\t\t\t\t\t<div class='uagb-post__text uagb-post__excerpt'>\n\t\t\t\t\t<p>5 Fatos Sobre A Uni\u00e3o Est\u00e1vel QUE TODO MUNDO DEVE SABER Em forma de perguntas&#8230;\t\t\t\t<\/div>\n\t\t\t\t\t\t<div class=\"uagb-post__text uagb-post__cta wp-block-button\">\n\t\t\t\t<a class=\"wp-block-button__link uagb-text-link\" style=\"\" href=\"https:\/\/cwadv.com.br\/index.php\/2023\/06\/19\/5-fatos-sobre-a-uniao-estavel\/\" target=\"_self\" rel=\"bookmark noopener noreferrer\">Ler mais<\/a>\n\t\t\t<\/div>\n\t\t\t\n\t\t\t\t\t\t\t\t\t<\/article>\n\t\t\t\t\t\t\t\t\t\t\t\t\t\t\t\t<article class=\"uagb-post__inner-wrap\">\t\t\t\t\t\t\t\t<div class='uagb-post__image'>\n\t\t\t\t\t\t\t\t\t<a href=\"https:\/\/cwadv.com.br\/index.php\/2023\/06\/18\/direitos-autorais-cysne-werner-advogados\/\" target=\"_self\" rel=\"bookmark noopener noreferrer\" class='uagb-image-ratio-inherit'><img loading=\"lazy\" decoding=\"async\" width=\"1024\" height=\"683\" src=\"https:\/\/cwadv.com.br\/wp-content\/uploads\/2023\/06\/Direitos-Autorais-Cysne-Werner-Advogados-1024x683.jpg\" class=\"attachment-large size-large\" alt=\"Direitos-Autorais-Cysne-Werner-Advogados\" srcset=\"https:\/\/cwadv.com.br\/wp-content\/uploads\/2023\/06\/Direitos-Autorais-Cysne-Werner-Advogados-1024x683.jpg 1024w, https:\/\/cwadv.com.br\/wp-content\/uploads\/2023\/06\/Direitos-Autorais-Cysne-Werner-Advogados-300x200.jpg 300w, https:\/\/cwadv.com.br\/wp-content\/uploads\/2023\/06\/Direitos-Autorais-Cysne-Werner-Advogados-768x512.jpg 768w, https:\/\/cwadv.com.br\/wp-content\/uploads\/2023\/06\/Direitos-Autorais-Cysne-Werner-Advogados-1536x1024.jpg 1536w, https:\/\/cwadv.com.br\/wp-content\/uploads\/2023\/06\/Direitos-Autorais-Cysne-Werner-Advogados-2048x1365.jpg 2048w\" sizes=\"(max-width: 1024px) 100vw, 1024px\" \/>\t\t\t\t\t<\/a>\n\t\t\t\t\t\t\t<\/div>\n\t\t\t\t\t\t<h4 class=\"uagb-post__title uagb-post__text\">\n\t\t\t\t<a href=\"https:\/\/cwadv.com.br\/index.php\/2023\/06\/18\/direitos-autorais-cysne-werner-advogados\/\" target=\"_self\" rel=\"bookmark noopener noreferrer\">Direitos Autorais<\/a>\n\t\t\t<\/h4>\n\t\t\t\t\t\t<div class='uagb-post__text uagb-post-grid-byline'>\n\t\t\t\t\t\t\t\t<span class=\"uagb-post__author\">\n\t\t\t\t\t\t\t\t\t<a href=\"https:\/\/cwadv.com.br\/index.php\/author\/joaocysne\/\" title=\"Posts de Cysne &#038; Werner Advogados\" rel=\"author\">Cysne &#38; Werner Advogados<\/a>\t\t\t\t<\/span>\n\t\t\t\t\t\t\t<time datetime=\"2023-06-18T21:37:34-03:00\" class=\"uagb-post__date\">\n\t\t\t\t\t\t\t\t\t18 de junho de 2023\t\t\t\t<\/time>\n\t\t\t\t\t\t<\/div>\n\t\t\t\t\t\t\t<div class='uagb-post__text uagb-post__excerpt'>\n\t\t\t\t\t<p>Direitos Autorais &#8211; Obras Fotogr\u00e1ficas OBRAS FOTOGR\u00c1FICAS Quando falamos em direitos autorais sobre obra fotogr\u00e1fica,&#8230;\t\t\t\t<\/div>\n\t\t\t\t\t\t<div class=\"uagb-post__text uagb-post__cta wp-block-button\">\n\t\t\t\t<a class=\"wp-block-button__link uagb-text-link\" style=\"\" href=\"https:\/\/cwadv.com.br\/index.php\/2023\/06\/18\/direitos-autorais-cysne-werner-advogados\/\" target=\"_self\" rel=\"bookmark noopener noreferrer\">Ler mais<\/a>\n\t\t\t<\/div>\n\t\t\t\n\t\t\t\t\t\t\t\t\t<\/article>\n\t\t\t\t\t\t\t\t\t\t\t\t\t\t\t\t<article class=\"uagb-post__inner-wrap\">\t\t\t\t\t\t\t\t<div class='uagb-post__image'>\n\t\t\t\t\t\t\t\t\t<a href=\"https:\/\/cwadv.com.br\/index.php\/2023\/06\/18\/constituicao-de-uma-empresa-3\/\" target=\"_self\" rel=\"bookmark noopener noreferrer\" class='uagb-image-ratio-inherit'><img loading=\"lazy\" decoding=\"async\" width=\"1024\" height=\"683\" src=\"https:\/\/cwadv.com.br\/wp-content\/uploads\/2023\/06\/Constitucao-de-Uma-Empresa-Cysne-e-Werner-1024x683.jpg\" class=\"attachment-large size-large\" alt=\"Constitu\u00e7\u00e3o de Uma Empresa - Cysne e Werner\" srcset=\"https:\/\/cwadv.com.br\/wp-content\/uploads\/2023\/06\/Constitucao-de-Uma-Empresa-Cysne-e-Werner-1024x683.jpg 1024w, https:\/\/cwadv.com.br\/wp-content\/uploads\/2023\/06\/Constitucao-de-Uma-Empresa-Cysne-e-Werner-300x200.jpg 300w, https:\/\/cwadv.com.br\/wp-content\/uploads\/2023\/06\/Constitucao-de-Uma-Empresa-Cysne-e-Werner-768x512.jpg 768w, https:\/\/cwadv.com.br\/wp-content\/uploads\/2023\/06\/Constitucao-de-Uma-Empresa-Cysne-e-Werner-1536x1024.jpg 1536w, https:\/\/cwadv.com.br\/wp-content\/uploads\/2023\/06\/Constitucao-de-Uma-Empresa-Cysne-e-Werner-2048x1365.jpg 2048w\" sizes=\"(max-width: 1024px) 100vw, 1024px\" \/>\t\t\t\t\t<\/a>\n\t\t\t\t\t\t\t<\/div>\n\t\t\t\t\t\t<h4 class=\"uagb-post__title uagb-post__text\">\n\t\t\t\t<a href=\"https:\/\/cwadv.com.br\/index.php\/2023\/06\/18\/constituicao-de-uma-empresa-3\/\" target=\"_self\" rel=\"bookmark noopener noreferrer\">Constitui\u00e7\u00e3o de Uma Empresa<\/a>\n\t\t\t<\/h4>\n\t\t\t\t\t\t<div class='uagb-post__text uagb-post-grid-byline'>\n\t\t\t\t\t\t\t\t<span class=\"uagb-post__author\">\n\t\t\t\t\t\t\t\t\t<a href=\"https:\/\/cwadv.com.br\/index.php\/author\/joaocysne\/\" title=\"Posts de Cysne &#038; Werner Advogados\" rel=\"author\">Cysne &#38; Werner Advogados<\/a>\t\t\t\t<\/span>\n\t\t\t\t\t\t\t<time datetime=\"2023-06-18T21:06:28-03:00\" class=\"uagb-post__date\">\n\t\t\t\t\t\t\t\t\t18 de junho de 2023\t\t\t\t<\/time>\n\t\t\t\t\t\t<\/div>\n\t\t\t\t\t\t\t<div class='uagb-post__text uagb-post__excerpt'>\n\t\t\t\t\t<p>Constitui\u00e7\u00e3o de Uma Empresa &#8211; Parte 1 SER\u00c1 QUE ALGU\u00c9MJ\u00c1 TEVE ESSA IDEIA?! Grande mentes&#8230;\t\t\t\t<\/div>\n\t\t\t\t\t\t<div class=\"uagb-post__text uagb-post__cta wp-block-button\">\n\t\t\t\t<a class=\"wp-block-button__link uagb-text-link\" style=\"\" href=\"https:\/\/cwadv.com.br\/index.php\/2023\/06\/18\/constituicao-de-uma-empresa-3\/\" target=\"_self\" rel=\"bookmark noopener noreferrer\">Ler mais<\/a>\n\t\t\t<\/div>\n\t\t\t\n\t\t\t\t\t\t\t\t\t<\/article>\n\t\t\t\t\t\t\t\t\t\t\t<\/div>\n\t\t\t<\/div>\n<\/div><\/div>\n","protected":false},"excerpt":{"rendered":"<p>Blog Mantenha-se informando<\/p>\n","protected":false},"author":1,"featured_media":0,"parent":0,"menu_order":0,"comment_status":"closed","ping_status":"closed","template":"","meta":{"_uag_custom_page_level_css":"","_monsterinsights_skip_tracking":false,"_monsterinsights_sitenote_active":false,"_monsterinsights_sitenote_note":"","_monsterinsights_sitenote_category":0,"site-sidebar-layout":"default","site-content-layout":"","ast-site-content-layout":"default","site-content-style":"default","site-sidebar-style":"default","ast-global-header-display":"","ast-banner-title-visibility":"","ast-main-header-display":"","ast-hfb-above-header-display":"","ast-hfb-below-header-display":"","ast-hfb-mobile-header-display":"","site-post-title":"disabled","ast-breadcrumbs-content":"","ast-featured-img":"","footer-sml-layout":"","ast-disable-related-posts":"","theme-transparent-header-meta":"","adv-header-id-meta":"","stick-header-meta":"","header-above-stick-meta":"","header-main-stick-meta":"","header-below-stick-meta":"","astra-migrate-meta-layouts":"default","ast-page-background-enabled":"default","ast-page-background-meta":{"desktop":{"background-color":"var(--ast-global-color-4)","background-image":"","background-repeat":"repeat","background-position":"center center","background-size":"auto","background-attachment":"scroll","background-type":"","background-media":"","overlay-type":"","overlay-color":"","overlay-opacity":"","overlay-gradient":""},"tablet":{"background-color":"","background-image":"","background-repeat":"repeat","background-position":"center center","background-size":"auto","background-attachment":"scroll","background-type":"","background-media":"","overlay-type":"","overlay-color":"","overlay-opacity":"","overlay-gradient":""},"mobile":{"background-color":"","background-image":"","background-repeat":"repeat","background-position":"center center","background-size":"auto","background-attachment":"scroll","background-type":"","background-media":"","overlay-type":"","overlay-color":"","overlay-opacity":"","overlay-gradient":""}},"ast-content-background-meta":{"desktop":{"background-color":"var(--ast-global-color-5)","background-image":"","background-repeat":"repeat","background-position":"center center","background-size":"auto","background-attachment":"scroll","background-type":"","background-media":"","overlay-type":"","overlay-color":"","overlay-opacity":"","overlay-gradient":""},"tablet":{"background-color":"var(--ast-global-color-5)","background-image":"","background-repeat":"repeat","background-position":"center center","background-size":"auto","background-attachment":"scroll","background-type":"","background-media":"","overlay-type":"","overlay-color":"","overlay-opacity":"","overlay-gradient":""},"mobile":{"background-color":"var(--ast-global-color-5)","background-image":"","background-repeat":"repeat","background-position":"center center","background-size":"auto","background-attachment":"scroll","background-type":"","background-media":"","overlay-type":"","overlay-color":"","overlay-opacity":"","overlay-gradient":""}},"_joinchat":[],"footnotes":""},"class_list":["post-130","page","type-page","status-publish","hentry"],"uagb_featured_image_src":{"full":false,"thumbnail":false,"medium":false,"medium_large":false,"large":false,"1536x1536":false,"2048x2048":false},"uagb_author_info":{"display_name":"Cysne &amp; Werner Advogados","author_link":"https:\/\/cwadv.com.br\/index.php\/author\/joaocysne\/"},"uagb_comment_info":0,"uagb_excerpt":"Blog Mantenha-se informando","_links":{"self":[{"href":"https:\/\/cwadv.com.br\/index.php\/wp-json\/wp\/v2\/pages\/130","targetHints":{"allow":["GET"]}}],"collection":[{"href":"https:\/\/cwadv.com.br\/index.php\/wp-json\/wp\/v2\/pages"}],"about":[{"href":"https:\/\/cwadv.com.br\/index.php\/wp-json\/wp\/v2\/types\/page"}],"author":[{"embeddable":true,"href":"https:\/\/cwadv.com.br\/index.php\/wp-json\/wp\/v2\/users\/1"}],"replies":[{"embeddable":true,"href":"https:\/\/cwadv.com.br\/index.php\/wp-json\/wp\/v2\/comments?post=130"}],"version-history":[{"count":4,"href":"https:\/\/cwadv.com.br\/index.php\/wp-json\/wp\/v2\/pages\/130\/revisions"}],"predecessor-version":[{"id":290,"href":"https:\/\/cwadv.com.br\/index.php\/wp-json\/wp\/v2\/pages\/130\/revisions\/290"}],"wp:attachment":[{"href":"https:\/\/cwadv.com.br\/index.php\/wp-json\/wp\/v2\/media?parent=130"}],"curies":[{"name":"wp","href":"https:\/\/api.w.org\/{rel}","templated":true}]}}